{"id":73,"date":"2017-01-17T18:00:58","date_gmt":"2017-01-17T18:00:58","guid":{"rendered":"http:\/\/redempresaspositivas.com\/?page_id=73"},"modified":"2017-01-17T18:00:58","modified_gmt":"2017-01-17T18:00:58","slug":"la-ensenanza-la-felicidad-al-mas-alto-nivel","status":"publish","type":"page","link":"https:\/\/redempresaspositivas.com\/?page_id=73","title":{"rendered":"La ense\u00f1anza de la felicidad al m\u00e1s alto nivel"},"content":{"rendered":"<body><p>Las m\u00e1s prestigiosas instituciones de ense\u00f1anza superior, conscientes de la apuesta fundamental de desarrollar el concepto de felicidad en el trabajo, ya han dise\u00f1ado algunos programas espec\u00edficamente dedicados a ello.<\/p>\n<p>El curso de libre elecci\u00f3n \u2018\u00c9xito y felicidad\u2019 arrasa en Harvard.<\/p>\n<p>Desde su inicio en septiembre del 2014, el curso virtual \u201cLa ciencia de la Felicidad\u201d, ofrecido por la Universidad de Berkeley ha sido tomado por m\u00e1s de 140 000 alumnos.<\/p>\n<p>La universidad de Claremont en Estados Unidos ha lanzado dos programas de Psicolog\u00eda Positiva Organizacional: un m\u00e1ster y un doctorado.<\/p>\n<p>Con su Master of Applied Positive Psychology (MAPP), la Universidad de Pennsylvania fue la primera en el mundo en ofrecer un grado en este riguroso campo de estudio.<\/p>\n<p>M\u00e1ster Universitario en Psicolog\u00eda Positiva de la Universidad de Ja\u00e9n.<\/p>\n<p>Desde octubre del 2016, la Universitat Jaume I ofrece la titulaci\u00f3n\u00a0de M\u00e1ster en Psicolog\u00eda Positiva Aplicada (MAPPA).<\/p>\n<p>En el Reino Unido existe el MSc in Applied Positive Psychology impartido por la \u201cUniversity of East London\u201d.<\/p>\n<p>El Langley Group Institute en Australia tiene el Diploma of Positive Psychology &amp; Wellbeing.<\/p>\n<p>HEC B\u00e9lgica junto con la Universidad de Lieja han dise\u00f1ado un programa Executive \u201cLa Felicidad en el trabajo o c\u00f3mo (re)conciliar felicidad y rendimiento\u201d<\/p>\n<\/body>","protected":false},"excerpt":{"rendered":"<p>Las m\u00e1s prestigiosas instituciones de ense\u00f1anza superior, conscientes de la apuesta fundamental de desarrollar el concepto de felicidad en el trabajo, ya han dise\u00f1ado algunos programas espec\u00edficamente dedicados a ello. El curso de libre elecci\u00f3n \u2018\u00c9xito y felicidad\u2019 arrasa en Harvard. Desde su inicio en septiembre del 2014, el curso virtual \u201cLa ciencia de la &hellip; <a href=\"https:\/\/redempresaspositivas.com\/?page_id=73\" class=\"more-link\">Seguir leyendo <span class=\"screen-reader-text\">La ense\u00f1anza de la felicidad al m\u00e1s alto nivel<\/span> <span class=\"meta-nav\">&rarr;<\/span><\/a><\/p>\n","protected":false},"author":1,"featured_media":0,"parent":0,"menu_order":0,"comment_status":"closed","ping_status":"closed","template":"","meta":{"footnotes":""},"class_list":["post-73","page","type-page","status-publish","hentry"],"jetpack_sharing_enabled":true,"_links":{"self":[{"href":"https:\/\/redempresaspositivas.com\/index.php?rest_route=\/wp\/v2\/pages\/73"}],"collection":[{"href":"https:\/\/redempresaspositivas.com\/index.php?rest_route=\/wp\/v2\/pages"}],"about":[{"href":"https:\/\/redempresaspositivas.com\/index.php?rest_route=\/wp\/v2\/types\/page"}],"author":[{"embeddable":true,"href":"https:\/\/redempresaspositivas.com\/index.php?rest_route=\/wp\/v2\/users\/1"}],"replies":[{"embeddable":true,"href":"https:\/\/redempresaspositivas.com\/index.php?rest_route=%2Fwp%2Fv2%2Fcomments&post=73"}],"version-history":[{"count":1,"href":"https:\/\/redempresaspositivas.com\/index.php?rest_route=\/wp\/v2\/pages\/73\/revisions"}],"predecessor-version":[{"id":74,"href":"https:\/\/redempresaspositivas.com\/index.php?rest_route=\/wp\/v2\/pages\/73\/revisions\/74"}],"wp:attachment":[{"href":"https:\/\/redempresaspositivas.com\/index.php?rest_route=%2Fwp%2Fv2%2Fmedia&parent=73"}],"curies":[{"name":"wp","href":"https:\/\/api.w.org\/{rel}","templated":true}]}}