{"id":56,"date":"2017-01-17T17:17:37","date_gmt":"2017-01-17T17:17:37","guid":{"rendered":"http:\/\/redempresaspositivas.com\/?page_id=56"},"modified":"2017-01-17T17:19:04","modified_gmt":"2017-01-17T17:19:04","slug":"felicidad-en-el-trabajo","status":"publish","type":"page","link":"https:\/\/redempresaspositivas.com\/?page_id=56","title":{"rendered":"Felicidad en el trabajo"},"content":{"rendered":"<body><h2>\u00bfPara qu\u00e9 la felicidad en el trabajo?<\/h2>\n<ul>\n<li>Porque el trabajo es la ocupaci\u00f3n que m\u00e1s tiempo nos ocupa\u00a0y porque:\n<ol>\n<li>los empleados est\u00e1n cada vez m\u00e1s perturbados y cansados<\/li>\n<li>el enfoque defensivo no es suficiente<\/li>\n<\/ol>\n<\/li>\n<\/ul>\n<ul>\n<li>Porque la empresa necesita <strong>nuevos modos de transformaci\u00f3n<\/strong> y porque\n<ol>\n<li>la felicidad en el trabajo es una fuente de productividad<\/li>\n<li>es una oportunidad \u00fanica para desarrollar nuestro potencial en una actividad con muchas horas en las que poder practicar<\/li>\n<\/ol>\n<\/li>\n<\/ul>\n<ul>\n<li>Porque un movimiento de felicidad en el trabajo <strong>ya est\u00e1 en marcha<\/strong>\n<ol>\n<li>cada vez m\u00e1s empresas apuestan por ello<\/li>\n<li>es un tema cient\u00edfico estudiado por una amplia red de acad\u00e9micos a nivel mundial<\/li>\n<\/ol>\n<\/li>\n<\/ul>\n<p><strong>Todos buscamos ser felices. <\/strong>Pero si pasamos la mayor parte de nuestra vida en el trabajo, \u00bfpor qu\u00e9 no hablar de felicidad en el trabajo?<\/p>\n<p>Muchas organizaciones ya lo han entendido y atestiguan <strong>beneficios reales<\/strong>. Algunas ya han emprendido el cambio, otras aun dudan o carecen de soluciones adaptadas a su organizaci\u00f3n. Sin embargo, <strong>existen soluciones<\/strong> y es lo que te ofrecemos.<\/p>\n<p>Seg\u00fan la \u00faltima encuesta sobre la felicidad en el trabajo llevada a cabo por\u00a0<strong>Adecco<\/strong>, el <strong>\u00edndice de felicidad laboral <\/strong>para los espa\u00f1oles, que ha ca\u00eddo con respecto al a\u00f1o pasado de tres d\u00e9cimas, se encuentra en el <strong>6,3<\/strong> en una escala del 0 al 10.<\/p>\n<p>Por otro lado, <strong>6 de cada 10 <\/strong>espa\u00f1oles estar\u00eda dispuesto a <strong>renunciar a una parte de su salario<\/strong> <strong>a cambio de ser m\u00e1s feliz<\/strong> en el trabajo.<\/p>\n<\/body>","protected":false},"excerpt":{"rendered":"<p>\u00bfPara qu\u00e9 la felicidad en el trabajo? Porque el trabajo es la ocupaci\u00f3n que m\u00e1s tiempo nos ocupa\u00a0y porque: los empleados est\u00e1n cada vez m\u00e1s perturbados y cansados el enfoque defensivo no es suficiente Porque la empresa necesita nuevos modos de transformaci\u00f3n y porque la felicidad en el trabajo es una fuente de productividad es &hellip; <a href=\"https:\/\/redempresaspositivas.com\/?page_id=56\" class=\"more-link\">Seguir leyendo <span class=\"screen-reader-text\">Felicidad en el trabajo<\/span> <span class=\"meta-nav\">&rarr;<\/span><\/a><\/p>\n","protected":false},"author":1,"featured_media":0,"parent":0,"menu_order":0,"comment_status":"closed","ping_status":"closed","template":"","meta":{"footnotes":""},"class_list":["post-56","page","type-page","status-publish","hentry"],"jetpack_sharing_enabled":true,"_links":{"self":[{"href":"https:\/\/redempresaspositivas.com\/index.php?rest_route=\/wp\/v2\/pages\/56"}],"collection":[{"href":"https:\/\/redempresaspositivas.com\/index.php?rest_route=\/wp\/v2\/pages"}],"about":[{"href":"https:\/\/redempresaspositivas.com\/index.php?rest_route=\/wp\/v2\/types\/page"}],"author":[{"embeddable":true,"href":"https:\/\/redempresaspositivas.com\/index.php?rest_route=\/wp\/v2\/users\/1"}],"replies":[{"embeddable":true,"href":"https:\/\/redempresaspositivas.com\/index.php?rest_route=%2Fwp%2Fv2%2Fcomments&post=56"}],"version-history":[{"count":1,"href":"https:\/\/redempresaspositivas.com\/index.php?rest_route=\/wp\/v2\/pages\/56\/revisions"}],"predecessor-version":[{"id":57,"href":"https:\/\/redempresaspositivas.com\/index.php?rest_route=\/wp\/v2\/pages\/56\/revisions\/57"}],"wp:attachment":[{"href":"https:\/\/redempresaspositivas.com\/index.php?rest_route=%2Fwp%2Fv2%2Fmedia&parent=56"}],"curies":[{"name":"wp","href":"https:\/\/api.w.org\/{rel}","templated":true}]}}