{"id":54,"date":"2017-01-17T17:12:58","date_gmt":"2017-01-17T17:12:58","guid":{"rendered":"http:\/\/redempresaspositivas.com\/?page_id=54"},"modified":"2017-01-17T17:12:58","modified_gmt":"2017-01-17T17:12:58","slug":"politica-de-privacidad","status":"publish","type":"page","link":"https:\/\/redempresaspositivas.com\/?page_id=54","title":{"rendered":"Pol\u00edtica de privacidad"},"content":{"rendered":"<body><p>La empresa que participa en cualquiera de las actividades -gratuitas o de pago- acepta, salvo que expl\u00edcitamente haga constar lo contrario, la adhesi\u00f3n con Red de Empresas Positivas, quien por medio de ella se obliga a informarle de todas las actividades que se pongan en marcha en relaci\u00f3n con la gesti\u00f3n del bienestar y la salud en la empresa, y a ofrecer los importantes descuentos que se establezcan a las empresas adheridas en las actividades de formaci\u00f3n que se desarrollen. La empresa adherida acepta recibir esta informaci\u00f3n y que su nombre quede incluido en la relaci\u00f3n de Empresas Positivas publicado en la web www.reddeempresaspositivas.com sin que existan compromisos de ninguna otra \u00edndole por su parte.<\/p>\n<p>Respecto al tratamiento de los datos cedidos por la empresa, nos atenemos a la normativa vigente en materia de protecci\u00f3n de datos de car\u00e1cter personal. La recogida y tratamiento de dichos datos tiene como finalidad la creaci\u00f3n y el mantenimiento de una comunidad de empresas interesadas en mejorar la felicidad de sus empleados con criterios de rentabilidad y calidad, as\u00ed como el crecimiento de la misma de cara a la obtenci\u00f3n de mejores servicios y oportunidades de mejora para el conjunto de las empresas adheridas, sin compromisos ni obligaciones entre ellas ni con Red de Empresas Positivas. \u00c9sta \u00faltima adopta las medidas t\u00e9cnicas y organizativas necesarias para garantizar la seguridad, integridad y confidencialidad de los datos conforme a lo dispuesto en la citada normativa. La empresa vinculada puede ejercitar sus derechos de acceso, rectificaci\u00f3n, cancelaci\u00f3n y oposici\u00f3n poni\u00e9ndose en contacto con Red de Empresas Positivas.<\/p>\n<\/body>","protected":false},"excerpt":{"rendered":"<p>La empresa que participa en cualquiera de las actividades -gratuitas o de pago- acepta, salvo que expl\u00edcitamente haga constar lo contrario, la adhesi\u00f3n con Red de Empresas Positivas, quien por medio de ella se obliga a informarle de todas las actividades que se pongan en marcha en relaci\u00f3n con la gesti\u00f3n del bienestar y la &hellip; <a href=\"https:\/\/redempresaspositivas.com\/?page_id=54\" class=\"more-link\">Seguir leyendo <span class=\"screen-reader-text\">Pol\u00edtica de privacidad<\/span> <span class=\"meta-nav\">&rarr;<\/span><\/a><\/p>\n","protected":false},"author":1,"featured_media":0,"parent":0,"menu_order":0,"comment_status":"closed","ping_status":"closed","template":"","meta":{"footnotes":""},"class_list":["post-54","page","type-page","status-publish","hentry"],"jetpack_sharing_enabled":true,"_links":{"self":[{"href":"https:\/\/redempresaspositivas.com\/index.php?rest_route=\/wp\/v2\/pages\/54"}],"collection":[{"href":"https:\/\/redempresaspositivas.com\/index.php?rest_route=\/wp\/v2\/pages"}],"about":[{"href":"https:\/\/redempresaspositivas.com\/index.php?rest_route=\/wp\/v2\/types\/page"}],"author":[{"embeddable":true,"href":"https:\/\/redempresaspositivas.com\/index.php?rest_route=\/wp\/v2\/users\/1"}],"replies":[{"embeddable":true,"href":"https:\/\/redempresaspositivas.com\/index.php?rest_route=%2Fwp%2Fv2%2Fcomments&post=54"}],"version-history":[{"count":1,"href":"https:\/\/redempresaspositivas.com\/index.php?rest_route=\/wp\/v2\/pages\/54\/revisions"}],"predecessor-version":[{"id":55,"href":"https:\/\/redempresaspositivas.com\/index.php?rest_route=\/wp\/v2\/pages\/54\/revisions\/55"}],"wp:attachment":[{"href":"https:\/\/redempresaspositivas.com\/index.php?rest_route=%2Fwp%2Fv2%2Fmedia&parent=54"}],"curies":[{"name":"wp","href":"https:\/\/api.w.org\/{rel}","templated":true}]}}