{"id":49,"date":"2017-01-17T17:10:44","date_gmt":"2017-01-17T17:10:44","guid":{"rendered":"http:\/\/redempresaspositivas.com\/?page_id=49"},"modified":"2017-01-17T17:10:44","modified_gmt":"2017-01-17T17:10:44","slug":"como-adherirse","status":"publish","type":"page","link":"https:\/\/redempresaspositivas.com\/?page_id=49","title":{"rendered":"\u00bfC\u00f3mo adherirse?"},"content":{"rendered":"<body><h2>\u00bfC\u00f3mo puede mi empresa adherirse a Red de Empresas Positivas?<\/h2>\n<ul>\n<li>Solicitando una auditor\u00eda a nuestros comit\u00e9 de expertos<\/li>\n<\/ul>\n<ul>\n<li>Si cumples los criterios establecidos, pasas a formar parte de la REP<\/li>\n<li>Si no cumples los criterios, se ofrece la posibilidad de: formaci\u00f3n, consultor\u00eda, gesti\u00f3n<\/li>\n<\/ul>\n<ul>\n<li>Consultor\u00eda: Acompa\u00f1amos a la empresa en el proceso de implementaci\u00f3n de las actuaciones y mejoras.<\/li>\n<li>Formaci\u00f3n: Encaminada a mostrar c\u00f3mo gestionar el bienestar y la salud de sus empleados globalmente.<\/li>\n<li>Gesti\u00f3n integral de la Felicidad: Un equipo nuestro se integra en su estructura empresarial y desarrolla \u00edntegramente la gesti\u00f3n del bienestar y la salud.<\/li>\n<\/ul>\n<ul>\n<li>Al participar en alguno de nuestros programas de formaci\u00f3n, se da la opci\u00f3n de adherirse.<\/li>\n<\/ul>\n<p>La empresa adherida acepta que se publique su nombre en el listado de empresas vinculadas que figura en nuestra web.<\/p>\n<\/body>","protected":false},"excerpt":{"rendered":"<p>\u00bfC\u00f3mo puede mi empresa adherirse a Red de Empresas Positivas? Solicitando una auditor\u00eda a nuestros comit\u00e9 de expertos Si cumples los criterios establecidos, pasas a formar parte de la REP Si no cumples los criterios, se ofrece la posibilidad de: formaci\u00f3n, consultor\u00eda, gesti\u00f3n Consultor\u00eda: Acompa\u00f1amos a la empresa en el proceso de implementaci\u00f3n de las &hellip; <a href=\"https:\/\/redempresaspositivas.com\/?page_id=49\" class=\"more-link\">Seguir leyendo <span class=\"screen-reader-text\">\u00bfC\u00f3mo adherirse?<\/span> <span class=\"meta-nav\">&rarr;<\/span><\/a><\/p>\n","protected":false},"author":1,"featured_media":0,"parent":0,"menu_order":0,"comment_status":"closed","ping_status":"closed","template":"","meta":{"footnotes":""},"class_list":["post-49","page","type-page","status-publish","hentry"],"jetpack_sharing_enabled":true,"_links":{"self":[{"href":"https:\/\/redempresaspositivas.com\/index.php?rest_route=\/wp\/v2\/pages\/49"}],"collection":[{"href":"https:\/\/redempresaspositivas.com\/index.php?rest_route=\/wp\/v2\/pages"}],"about":[{"href":"https:\/\/redempresaspositivas.com\/index.php?rest_route=\/wp\/v2\/types\/page"}],"author":[{"embeddable":true,"href":"https:\/\/redempresaspositivas.com\/index.php?rest_route=\/wp\/v2\/users\/1"}],"replies":[{"embeddable":true,"href":"https:\/\/redempresaspositivas.com\/index.php?rest_route=%2Fwp%2Fv2%2Fcomments&post=49"}],"version-history":[{"count":1,"href":"https:\/\/redempresaspositivas.com\/index.php?rest_route=\/wp\/v2\/pages\/49\/revisions"}],"predecessor-version":[{"id":50,"href":"https:\/\/redempresaspositivas.com\/index.php?rest_route=\/wp\/v2\/pages\/49\/revisions\/50"}],"wp:attachment":[{"href":"https:\/\/redempresaspositivas.com\/index.php?rest_route=%2Fwp%2Fv2%2Fmedia&parent=49"}],"curies":[{"name":"wp","href":"https:\/\/api.w.org\/{rel}","templated":true}]}}