{"id":44,"date":"2017-01-17T17:07:43","date_gmt":"2017-01-17T17:07:43","guid":{"rendered":"http:\/\/redempresaspositivas.com\/?page_id=44"},"modified":"2017-01-17T17:07:43","modified_gmt":"2017-01-17T17:07:43","slug":"quien-va-dirigido","status":"publish","type":"page","link":"https:\/\/redempresaspositivas.com\/?page_id=44","title":{"rendered":"\u00bfA qui\u00e9n va dirigido?"},"content":{"rendered":"<body><p>Cualquier empresa u organizaci\u00f3n, con independencia de su tama\u00f1o o sector, puede solicitar su adhesi\u00f3n a la REP y, si cumple con los criterios de calidad establecidos, solicitar su reconocimiento en cualquiera de los niveles Empresa Positiva.<\/p>\n<ul>\n<li>Eres una empresa din\u00e1mica y deseas actuar en favor de la felicidad en el trabajo<\/li>\n<li>Tienes la firme convicci\u00f3n de la importancia del capital humano en la empresa<\/li>\n<li>Tienes la voluntad de tener en cuenta el ser humano en la construcci\u00f3n y los valores de tu organizaci\u00f3n<\/li>\n<li>Deseas asociarte a s\u00f3lidos valores llenos de sentido<\/li>\n<\/ul>\n<p style=\"text-align: left;\">A trav\u00e9s de cualquier tipo de propuesta positiva,\u00a0 crees en la importancia de que cualquier persona, dentro del mundo organizacional o fuera de \u00e9l, act\u00fae para promover que tod@s podamos vivir en un lugar mejor.<\/p>\n<\/body>","protected":false},"excerpt":{"rendered":"<p>Cualquier empresa u organizaci\u00f3n, con independencia de su tama\u00f1o o sector, puede solicitar su adhesi\u00f3n a la REP y, si cumple con los criterios de calidad establecidos, solicitar su reconocimiento en cualquiera de los niveles Empresa Positiva. Eres una empresa din\u00e1mica y deseas actuar en favor de la felicidad en el trabajo Tienes la firme &hellip; <a href=\"https:\/\/redempresaspositivas.com\/?page_id=44\" class=\"more-link\">Seguir leyendo <span class=\"screen-reader-text\">\u00bfA qui\u00e9n va dirigido?<\/span> <span class=\"meta-nav\">&rarr;<\/span><\/a><\/p>\n","protected":false},"author":1,"featured_media":0,"parent":0,"menu_order":0,"comment_status":"closed","ping_status":"closed","template":"","meta":{"footnotes":""},"class_list":["post-44","page","type-page","status-publish","hentry"],"jetpack_sharing_enabled":true,"_links":{"self":[{"href":"https:\/\/redempresaspositivas.com\/index.php?rest_route=\/wp\/v2\/pages\/44"}],"collection":[{"href":"https:\/\/redempresaspositivas.com\/index.php?rest_route=\/wp\/v2\/pages"}],"about":[{"href":"https:\/\/redempresaspositivas.com\/index.php?rest_route=\/wp\/v2\/types\/page"}],"author":[{"embeddable":true,"href":"https:\/\/redempresaspositivas.com\/index.php?rest_route=\/wp\/v2\/users\/1"}],"replies":[{"embeddable":true,"href":"https:\/\/redempresaspositivas.com\/index.php?rest_route=%2Fwp%2Fv2%2Fcomments&post=44"}],"version-history":[{"count":1,"href":"https:\/\/redempresaspositivas.com\/index.php?rest_route=\/wp\/v2\/pages\/44\/revisions"}],"predecessor-version":[{"id":45,"href":"https:\/\/redempresaspositivas.com\/index.php?rest_route=\/wp\/v2\/pages\/44\/revisions\/45"}],"wp:attachment":[{"href":"https:\/\/redempresaspositivas.com\/index.php?rest_route=%2Fwp%2Fv2%2Fmedia&parent=44"}],"curies":[{"name":"wp","href":"https:\/\/api.w.org\/{rel}","templated":true}]}}