{"id":31,"date":"2017-01-17T17:00:41","date_gmt":"2017-01-17T17:00:41","guid":{"rendered":"http:\/\/redempresaspositivas.com\/?page_id=31"},"modified":"2017-01-24T16:12:15","modified_gmt":"2017-01-24T16:12:15","slug":"mision","status":"publish","type":"page","link":"https:\/\/redempresaspositivas.com\/?page_id=31","title":{"rendered":"Misi\u00f3n, visi\u00f3n, valores y ventajas"},"content":{"rendered":"<body><h5><span style=\"color: #339966;\">Misi\u00f3n<\/span><\/h5>\n<p>La creaci\u00f3n de la <strong>Red de Empresas Positivas<\/strong> responde al inter\u00e9s de reconocer el trabajo de las empresas en el \u00e1mbito de la <strong>promoci\u00f3n del bienestar y de la salud<\/strong> (f\u00edsico y mental) de sus trabajadores, as\u00ed como de la cultura del <strong>Arte de Vivir en Positivo<\/strong>.<\/p>\n<h5><span style=\"color: #339966;\">Visi\u00f3n<\/span><\/h5>\n<p>Mediante esta iniciativa, la <strong>REP<\/strong> busca divulgar, generar conocimiento nuevo y potenciar los <strong>esfuerzos<\/strong> y las <strong>buenas pr\u00e1cticas <\/strong>de las empresas en la<strong> mejora del bienestar y de la salud en el lugar de trabajo<\/strong>, adem\u00e1s de dar a conocer ejemplos que merecen ser replicados y puedan servir de est\u00edmulo en la promoci\u00f3n de una cultura del bienestar.<\/p>\n<p>La Red de Empresas Positivas tambi\u00e9n aporta diversos sistemas de formaci\u00f3n y apoyo a las empresas.<\/p>\n<h5><span style=\"color: #339966;\">Valores<\/span><\/h5>\n<p><strong>Compromiso\u00a0social:<\/strong> trabajamos por el desarrollo del funcionamiento \u00f3ptimo y de la calidad de vida de las personas y organizaciones.<\/p>\n<p><strong>Profesionalidad, rigor y eficacia:<\/strong>\u00a0nuestra formaci\u00f3n continua e implicaci\u00f3n contribuyen a la calidad de la atenci\u00f3n y eficacia.<\/p>\n<p><strong>Dedicaci\u00f3n:<\/strong> marcamos la diferencia en lo que hacemos gracias a que abordamos nuestra labor diaria desde la vocaci\u00f3n y la pasi\u00f3n por la mejora del bienestar de las personas y organizaciones.<\/p>\n<p><strong>Entusiasmo:\u00a0<\/strong>nos involucramos en nuestras actuaciones con optimismo y sabemos contagiarlo.<\/p>\n<p><strong>Humanidad: <\/strong>Las personas se sit\u00faan en el centro de todo lo que hacemos. Basamos nuestras relaciones en la confianza y en el respeto mutuo, elementos indispensables para alcanzar un clima de trabajo enriquecedor y productivo.<\/p>\n<p><strong>Innovaci\u00f3n:<\/strong> creemos que la\u00a0excelencia\u00a0ha de alcanzarse mediante un proceso de\u00a0mejora continua. Por ello, buscamos el perfeccionamiento permanente en el dise\u00f1o de nuestros servicios.<\/p>\n<p><strong>Proactividad<\/strong><strong>:<\/strong><strong>\u00a0<\/strong>tenemos capacidad de adaptaci\u00f3n y de respuesta, actuamos con flexibilidad y dinamismo.<\/p>\n<p><strong>Autonom\u00eda.\u00a0<\/strong>Buscamos fomentar la capacitaci\u00f3n y empoderamiento de cada persona y organizaci\u00f3n desde el inicio.<\/p>\n<p><strong>Autenticidad y transparencia: <\/strong>establecemos v\u00ednculos honestos e \u00edntegros, con transparencia en nuestras actuaciones desde el inicio.<\/p>\n<p><strong>Personalizaci\u00f3n: <\/strong>buscamos conocer y entender a nuestros clientes analizando cada demanda, sus peculiaridades, fortalezas y contexto con el fin de adaptarnos mejor a las necesidades de cada empresa.<\/p>\n<p><strong>Integridad: <\/strong>predicamos con el ejemplo cuidando el bienestar de las personas y el entorno en el que actuamos conforme a los compromisos que adquirimos.<\/p>\n<h5><span style=\"color: #339966;\">Ventajas<\/span><\/h5>\n<ul>\n<li>Ofrecemos planes de bienestar<strong> personalizados: intervenciones, formaci\u00f3n, equipamiento, etc.<\/strong><\/li>\n<li>Implantamos sistemas de<strong> medici\u00f3n<\/strong><\/li>\n<li><strong>Evaluamos<\/strong> el programa implementado<\/li>\n<li>Realizamos <strong>seguimiento<\/strong> posterior con cierta periodicidad<\/li>\n<\/ul>\n<p>\u00a0<\/p>\n<\/body>","protected":false},"excerpt":{"rendered":"<p>Misi\u00f3n La creaci\u00f3n de la Red de Empresas Positivas responde al inter\u00e9s de reconocer el trabajo de las empresas en el \u00e1mbito de la promoci\u00f3n del bienestar y de la salud (f\u00edsico y mental) de sus trabajadores, as\u00ed como de la cultura del Arte de Vivir en Positivo. Visi\u00f3n Mediante esta iniciativa, la REP busca &hellip; <a href=\"https:\/\/redempresaspositivas.com\/?page_id=31\" class=\"more-link\">Seguir leyendo <span class=\"screen-reader-text\">Misi\u00f3n, visi\u00f3n, valores y ventajas<\/span> <span class=\"meta-nav\">&rarr;<\/span><\/a><\/p>\n","protected":false},"author":1,"featured_media":0,"parent":0,"menu_order":0,"comment_status":"closed","ping_status":"closed","template":"","meta":{"footnotes":""},"class_list":["post-31","page","type-page","status-publish","hentry"],"jetpack_sharing_enabled":true,"_links":{"self":[{"href":"https:\/\/redempresaspositivas.com\/index.php?rest_route=\/wp\/v2\/pages\/31"}],"collection":[{"href":"https:\/\/redempresaspositivas.com\/index.php?rest_route=\/wp\/v2\/pages"}],"about":[{"href":"https:\/\/redempresaspositivas.com\/index.php?rest_route=\/wp\/v2\/types\/page"}],"author":[{"embeddable":true,"href":"https:\/\/redempresaspositivas.com\/index.php?rest_route=\/wp\/v2\/users\/1"}],"replies":[{"embeddable":true,"href":"https:\/\/redempresaspositivas.com\/index.php?rest_route=%2Fwp%2Fv2%2Fcomments&post=31"}],"version-history":[{"count":3,"href":"https:\/\/redempresaspositivas.com\/index.php?rest_route=\/wp\/v2\/pages\/31\/revisions"}],"predecessor-version":[{"id":144,"href":"https:\/\/redempresaspositivas.com\/index.php?rest_route=\/wp\/v2\/pages\/31\/revisions\/144"}],"wp:attachment":[{"href":"https:\/\/redempresaspositivas.com\/index.php?rest_route=%2Fwp%2Fv2%2Fmedia&parent=31"}],"curies":[{"name":"wp","href":"https:\/\/api.w.org\/{rel}","templated":true}]}}